{"id":106,"date":"2024-03-04T19:48:46","date_gmt":"2024-03-04T18:48:46","guid":{"rendered":"http:\/\/www.simd40.l3-digital.fr\/?page_id=106"},"modified":"2024-03-09T17:39:41","modified_gmt":"2024-03-09T16:39:41","slug":"mon-experience-erasmus","status":"publish","type":"page","link":"https:\/\/www.simd40.l3-digital.fr\/index.php\/mon-experience-erasmus\/","title":{"rendered":"Mon exp\u00e9rience Erasmus"},"content":{"rendered":"\n<div style=\"height:37px\" aria-hidden=\"true\" class=\"wp-block-spacer\"><\/div>\n\n\n\n<p><\/p>\n\n\n\n<p><span class=\"break-words\n      \"><span><span dir=\"ltr\"><\/span><\/span><\/span><\/p>\n\n\n\n<div class=\"wp-block-media-text is-stacked-on-mobile\" style=\"grid-template-columns:41% auto\"><figure class=\"wp-block-media-text__media\"><img loading=\"lazy\" decoding=\"async\" width=\"768\" height=\"1024\" src=\"http:\/\/www.simd40.l3-digital.fr\/wp-content\/uploads\/2024\/03\/1695801065754-768x1024.jpg\" alt=\"\" class=\"wp-image-285 size-full\" srcset=\"https:\/\/www.simd40.l3-digital.fr\/wp-content\/uploads\/2024\/03\/1695801065754-768x1024.jpg 768w, https:\/\/www.simd40.l3-digital.fr\/wp-content\/uploads\/2024\/03\/1695801065754-225x300.jpg 225w, https:\/\/www.simd40.l3-digital.fr\/wp-content\/uploads\/2024\/03\/1695801065754-1152x1536.jpg 1152w, https:\/\/www.simd40.l3-digital.fr\/wp-content\/uploads\/2024\/03\/1695801065754-1140x1520.jpg 1140w, https:\/\/www.simd40.l3-digital.fr\/wp-content\/uploads\/2024\/03\/1695801065754.jpg 1170w\" sizes=\"auto, (max-width: 768px) 100vw, 768px\" \/><\/figure><div class=\"wp-block-media-text__content\">\n<p><\/p>\n\n\n\n<p><span class=\"break-words\n      \"><span><span dir=\"ltr\">En janvier dernier, j&rsquo;ai \u00e9t\u00e9 s\u00e9lectionn\u00e9  par l\u2019IAE de Saint-Etienne pour partir un semestre \u00e9tudier le Management  et la Gestion au sein de l&rsquo;<a data-attribute-index=\"0\" data-entity-type=\"MINI_COMPANY\" href=\"https:\/\/www.linkedin.com\/company\/universidad-de-almer-a\/\">Universidad de Almer\u00eda<\/a>.  <\/span><\/span><\/span><\/p>\n\n\n\n<p><span class=\"break-words\n      \"><span><span dir=\"ltr\">Accompagn\u00e9e de ma camarade <a data-attribute-index=\"2\" data-entity-type=\"MINI_PROFILE\" href=\"https:\/\/www.linkedin.com\/in\/ACoAADlRK8UBPU5jpz6pqJF0m7_tj_Aog3dpLfg\">Enza Notturno<\/a>, le premier mois d&rsquo;int\u00e9gration a \u00e9t\u00e9 riche en d\u00e9couverte, amiti\u00e9 et apprentissage. <\/span><\/span><\/span><\/p>\n\n\n\n<p><span class=\"break-words\n      \"><span><span dir=\"ltr\">Au programme des cours : Comunicaci\u00f3n de Marketing- Investigaci\u00f3n de Mercados- Introducci\u00f3n a la Distribuci\u00f3n Comercial- Gesti\u00f3n de Recursos Humanos- Ingl\u00e9s<\/span><\/span><\/span><\/p>\n\n\n\n<p><span class=\"break-words\n      \"><span><span dir=\"ltr\">Le tout en espagnol dans une classe d\u2019une trentaine d\u2019\u00e9tudiants dont la plupart sont des locaux ! <\/span><\/span><\/span><\/p>\n\n\n\n<p><\/p>\n<\/div><\/div>\n\n\n\n<div style=\"height:37px\" aria-hidden=\"true\" class=\"wp-block-spacer\"><\/div>\n\n\n\n<p>Sur le point personnel, cette exp\u00e9rience m\u2019a permis de d\u00e9velopper mon autonomie, la gestion de mes \u00e9motions et d\u2019\u00e9toffer mes projets professionnels. Ainsi je retourne en France des souvenirs plein la t\u00eate avec une grande motivation quant \u00e0 travailler \u00e0 l\u2019international dans un m\u00e9lange de cultures.<\/p>\n\n\n\n<p>Je tiens \u00e0 remercier l&rsquo;IAE de Saint-Etienne pour m\u2019avoir offert cette opportunit\u00e9 et \u00e0 Universidad de Almer\u00eda pour l\u2019accueil et l\u2019int\u00e9gration.<\/p>\n\n\n\n<p>Hasta pronto para nuevas aventuras ! \ud83d\udc4b<\/p>\n","protected":false},"excerpt":{"rendered":"<p>En janvier dernier, j&rsquo;ai \u00e9t\u00e9 s\u00e9lectionn\u00e9 par l\u2019IAE de Saint-Etienne pour partir un semestre \u00e9tudier le Management et la Gestion au sein de l&rsquo;Universidad de Almer\u00eda. Accompagn\u00e9e de ma camarade Enza Notturno, le premier mois d&rsquo;int\u00e9gration a \u00e9t\u00e9 riche en d\u00e9couverte, amiti\u00e9 et apprentissage. Au programme des cours : Comunicaci\u00f3n de Marketing- Investigaci\u00f3n de Mercados- Introducci\u00f3n a la Distribuci\u00f3n Comercial- Gesti\u00f3n de Recursos Humanos- Ingl\u00e9s Le tout en espagnol dans une classe d\u2019une trentaine d\u2019\u00e9tudiants dont la plupart sont des locaux ! Sur le point personnel, cette exp\u00e9rience m\u2019a permis de d\u00e9velopper mon autonomie, la gestion de mes \u00e9motions et d\u2019\u00e9toffer mes projets professionnels. Ainsi je retourne en France des souvenirs plein la t\u00eate avec une grande motivation quant \u00e0 travailler \u00e0 l\u2019international dans un m\u00e9lange de cultures. Je tiens \u00e0 remercier l&rsquo;IAE de Saint-Etienne pour m\u2019avoir offert cette opportunit\u00e9 et \u00e0 Universidad de Almer\u00eda pour l\u2019accueil et l\u2019int\u00e9gration. Hasta pronto para nuevas aventuras ! \ud83d\udc4b<\/p>\n","protected":false},"author":1,"featured_media":0,"parent":0,"menu_order":0,"comment_status":"closed","ping_status":"closed","template":"","meta":{"footnotes":""},"class_list":["post-106","page","type-page","status-publish","hentry"],"_links":{"self":[{"href":"https:\/\/www.simd40.l3-digital.fr\/index.php\/wp-json\/wp\/v2\/pages\/106","targetHints":{"allow":["GET"]}}],"collection":[{"href":"https:\/\/www.simd40.l3-digital.fr\/index.php\/wp-json\/wp\/v2\/pages"}],"about":[{"href":"https:\/\/www.simd40.l3-digital.fr\/index.php\/wp-json\/wp\/v2\/types\/page"}],"author":[{"embeddable":true,"href":"https:\/\/www.simd40.l3-digital.fr\/index.php\/wp-json\/wp\/v2\/users\/1"}],"replies":[{"embeddable":true,"href":"https:\/\/www.simd40.l3-digital.fr\/index.php\/wp-json\/wp\/v2\/comments?post=106"}],"version-history":[{"count":7,"href":"https:\/\/www.simd40.l3-digital.fr\/index.php\/wp-json\/wp\/v2\/pages\/106\/revisions"}],"predecessor-version":[{"id":387,"href":"https:\/\/www.simd40.l3-digital.fr\/index.php\/wp-json\/wp\/v2\/pages\/106\/revisions\/387"}],"wp:attachment":[{"href":"https:\/\/www.simd40.l3-digital.fr\/index.php\/wp-json\/wp\/v2\/media?parent=106"}],"curies":[{"name":"wp","href":"https:\/\/api.w.org\/{rel}","templated":true}]}}