{"id":239,"date":"2024-03-06T22:25:33","date_gmt":"2024-03-06T21:25:33","guid":{"rendered":"http:\/\/www.simd40.l3-digital.fr\/?page_id=239"},"modified":"2024-03-09T17:53:06","modified_gmt":"2024-03-09T16:53:06","slug":"le-football","status":"publish","type":"page","link":"https:\/\/www.simd40.l3-digital.fr\/index.php\/le-football\/","title":{"rendered":"Le football"},"content":{"rendered":"\n<div style=\"height:43px\" aria-hidden=\"true\" class=\"wp-block-spacer\"><\/div>\n\n\n\n<p>Depuis toujours, le football est <strong>ma plus grande passion<\/strong>. En effet, petite, je jouais avec mon p\u00e8re ou encore dans la cours de r\u00e9cr\u00e9ation de l&rsquo;\u00e9cole primaire. En grandissant, l&rsquo;envie de me sp\u00e9cialis\u00e9 dans ce sport a vite \u00e9merg\u00e9e. <\/p>\n\n\n\n<p>Au fil des ann\u00e9es, cette passion s&rsquo;est intensifi\u00e9e, nourrissant le d\u00e9sir de me sp\u00e9cialiser dans ce domaine. De mes 8 ans \u00e0 mes 17 ans, j&rsquo;ai port\u00e9 les couleurs de <strong>l&rsquo;AS Saint-\u00c9tienne au sein de la section f\u00e9minine.<\/strong> Ce qui avait commenc\u00e9 comme des jeux d\u00e9contract\u00e9s a \u00e9volu\u00e9 au fil des ann\u00e9es, avec une augmentation significative du rythme et du nombre d&rsquo;entra\u00eenements.<\/p>\n\n\n\n<p>\u00c0 l&rsquo;\u00e2ge de 13 ans, l&rsquo;opportunit\u00e9 d&rsquo;<strong>int\u00e9grer une classe sport-\u00e9tude<\/strong> s&rsquo;est pr\u00e9sent\u00e9e, offrant des horaires adapt\u00e9s \u00e0 ma passion d\u00e9vorante pour le football. Ces ann\u00e9es ont \u00e9t\u00e9 bien plus qu&rsquo;une simple \u00e9tape sportive, elles ont constitu\u00e9 une p\u00e9riode formatrice o\u00f9 j&rsquo;ai assimil\u00e9 non seulement les subtilit\u00e9s du sport, mais aussi des <strong>valeurs fondamentales de la vie<\/strong>.<\/p>\n\n\n\n<p><\/p>\n\n\n\n<div style=\"height:43px\" aria-hidden=\"true\" class=\"wp-block-spacer\"><\/div>\n\n\n\n<p> <\/p>\n\n\n\n<div class=\"wp-block-group is-nowrap is-layout-flex wp-container-core-group-is-layout-ad2f72ca wp-block-group-is-layout-flex\">\n<figure class=\"wp-block-image size-large is-resized\"><img loading=\"lazy\" decoding=\"async\" width=\"1024\" height=\"552\" src=\"http:\/\/www.simd40.l3-digital.fr\/wp-content\/uploads\/2024\/03\/IMG_1061-1024x552.jpg\" alt=\"\" class=\"wp-image-250\" style=\"width:471px;height:auto\" srcset=\"https:\/\/www.simd40.l3-digital.fr\/wp-content\/uploads\/2024\/03\/IMG_1061-1024x552.jpg 1024w, https:\/\/www.simd40.l3-digital.fr\/wp-content\/uploads\/2024\/03\/IMG_1061-300x162.jpg 300w, https:\/\/www.simd40.l3-digital.fr\/wp-content\/uploads\/2024\/03\/IMG_1061-768x414.jpg 768w, https:\/\/www.simd40.l3-digital.fr\/wp-content\/uploads\/2024\/03\/IMG_1061-1140x615.jpg 1140w, https:\/\/www.simd40.l3-digital.fr\/wp-content\/uploads\/2024\/03\/IMG_1061.jpg 1170w\" sizes=\"auto, (max-width: 1024px) 100vw, 1024px\" \/><\/figure>\n\n\n\n<figure class=\"wp-block-image size-large is-resized\"><img loading=\"lazy\" decoding=\"async\" width=\"1024\" height=\"655\" src=\"http:\/\/www.simd40.l3-digital.fr\/wp-content\/uploads\/2024\/03\/IMG_1062-1024x655.jpg\" alt=\"\" class=\"wp-image-251\" style=\"width:400px;height:auto\" srcset=\"https:\/\/www.simd40.l3-digital.fr\/wp-content\/uploads\/2024\/03\/IMG_1062-1024x655.jpg 1024w, https:\/\/www.simd40.l3-digital.fr\/wp-content\/uploads\/2024\/03\/IMG_1062-300x192.jpg 300w, https:\/\/www.simd40.l3-digital.fr\/wp-content\/uploads\/2024\/03\/IMG_1062-768x491.jpg 768w, https:\/\/www.simd40.l3-digital.fr\/wp-content\/uploads\/2024\/03\/IMG_1062-1140x729.jpg 1140w, https:\/\/www.simd40.l3-digital.fr\/wp-content\/uploads\/2024\/03\/IMG_1062.jpg 1170w\" sizes=\"auto, (max-width: 1024px) 100vw, 1024px\" \/><\/figure>\n<\/div>\n\n\n\n<div class=\"wp-block-group is-nowrap is-layout-flex wp-container-core-group-is-layout-ad2f72ca wp-block-group-is-layout-flex\">\n<figure class=\"wp-block-image size-large is-resized\"><img loading=\"lazy\" decoding=\"async\" width=\"1024\" height=\"644\" src=\"http:\/\/www.simd40.l3-digital.fr\/wp-content\/uploads\/2024\/03\/IMG_1063-1024x644.jpg\" alt=\"\" class=\"wp-image-253\" style=\"width:460px;height:auto\" srcset=\"https:\/\/www.simd40.l3-digital.fr\/wp-content\/uploads\/2024\/03\/IMG_1063-1024x644.jpg 1024w, https:\/\/www.simd40.l3-digital.fr\/wp-content\/uploads\/2024\/03\/IMG_1063-300x189.jpg 300w, https:\/\/www.simd40.l3-digital.fr\/wp-content\/uploads\/2024\/03\/IMG_1063-768x483.jpg 768w, https:\/\/www.simd40.l3-digital.fr\/wp-content\/uploads\/2024\/03\/IMG_1063-1140x717.jpg 1140w, https:\/\/www.simd40.l3-digital.fr\/wp-content\/uploads\/2024\/03\/IMG_1063.jpg 1170w\" sizes=\"auto, (max-width: 1024px) 100vw, 1024px\" \/><\/figure>\n\n\n\n<figure class=\"wp-block-image size-large is-resized\"><img loading=\"lazy\" decoding=\"async\" width=\"1024\" height=\"647\" src=\"http:\/\/www.simd40.l3-digital.fr\/wp-content\/uploads\/2024\/03\/IMG_1065-1024x647.jpg\" alt=\"\" class=\"wp-image-254\" style=\"width:451px;height:auto\" srcset=\"https:\/\/www.simd40.l3-digital.fr\/wp-content\/uploads\/2024\/03\/IMG_1065-1024x647.jpg 1024w, https:\/\/www.simd40.l3-digital.fr\/wp-content\/uploads\/2024\/03\/IMG_1065-300x189.jpg 300w, https:\/\/www.simd40.l3-digital.fr\/wp-content\/uploads\/2024\/03\/IMG_1065-768x485.jpg 768w, https:\/\/www.simd40.l3-digital.fr\/wp-content\/uploads\/2024\/03\/IMG_1065-1140x720.jpg 1140w, https:\/\/www.simd40.l3-digital.fr\/wp-content\/uploads\/2024\/03\/IMG_1065.jpg 1170w\" sizes=\"auto, (max-width: 1024px) 100vw, 1024px\" \/><\/figure>\n<\/div>\n\n\n\n<div style=\"height:40px\" aria-hidden=\"true\" class=\"wp-block-spacer\"><\/div>\n\n\n\n<p>Cependant, \u00e0 17 ans, en atteignant le niveau U19 national, une d\u00e9cision cruciale s&rsquo;est impos\u00e9e. J&rsquo;ai r\u00e9alis\u00e9 que consacrer ma carri\u00e8re professionnelle au football n&rsquo;\u00e9tait pas ma voie. Ainsi, j&rsquo;ai pris la d\u00e9cision r\u00e9fl\u00e9chie de <strong>quitter le club de l&rsquo;AS Saint-\u00c9tienne<\/strong>. Malgr\u00e9 cette bifurcation, aucune ombre de regret ne plane sur ces ann\u00e9es.<\/p>\n\n\n\n<p>Depuis lors, ma relation avec le football persiste, et je <strong>m&rsquo;engage maintenant au sein d&rsquo;une \u00e9quipe f\u00e9minine de futsal<\/strong>.<\/p>\n","protected":false},"excerpt":{"rendered":"<p>Depuis toujours, le football est ma plus grande passion. En effet, petite, je jouais avec mon p\u00e8re ou encore dans la cours de r\u00e9cr\u00e9ation de l&rsquo;\u00e9cole primaire. En grandissant, l&rsquo;envie de me sp\u00e9cialis\u00e9 dans ce sport a vite \u00e9merg\u00e9e. Au fil des ann\u00e9es, cette passion s&rsquo;est intensifi\u00e9e, nourrissant le d\u00e9sir de me sp\u00e9cialiser dans ce domaine. De mes 8 ans \u00e0 mes 17 ans, j&rsquo;ai port\u00e9 les couleurs de l&rsquo;AS Saint-\u00c9tienne au sein de la section f\u00e9minine. Ce qui avait commenc\u00e9 comme des jeux d\u00e9contract\u00e9s a \u00e9volu\u00e9 au fil des ann\u00e9es, avec une augmentation significative du rythme et du nombre d&rsquo;entra\u00eenements. \u00c0 l&rsquo;\u00e2ge de 13 ans, l&rsquo;opportunit\u00e9 d&rsquo;int\u00e9grer une classe sport-\u00e9tude s&rsquo;est pr\u00e9sent\u00e9e, offrant des horaires adapt\u00e9s \u00e0 ma passion d\u00e9vorante pour le football. Ces ann\u00e9es ont \u00e9t\u00e9 bien plus qu&rsquo;une simple \u00e9tape sportive, elles ont constitu\u00e9 une p\u00e9riode formatrice o\u00f9 j&rsquo;ai assimil\u00e9 non seulement les subtilit\u00e9s du sport, mais aussi des valeurs fondamentales de la vie. Cependant, \u00e0 17 ans, en atteignant le niveau U19 national, une d\u00e9cision cruciale s&rsquo;est impos\u00e9e. J&rsquo;ai r\u00e9alis\u00e9 que consacrer ma carri\u00e8re professionnelle au football n&rsquo;\u00e9tait pas ma voie. Ainsi, j&rsquo;ai pris la d\u00e9cision r\u00e9fl\u00e9chie de quitter le club de l&rsquo;AS Saint-\u00c9tienne. Malgr\u00e9 cette bifurcation, aucune ombre de regret ne plane sur ces ann\u00e9es. Depuis lors, ma relation avec le football persiste, et je m&rsquo;engage maintenant au sein d&rsquo;une \u00e9quipe f\u00e9minine de futsal.<\/p>\n","protected":false},"author":1,"featured_media":0,"parent":0,"menu_order":0,"comment_status":"closed","ping_status":"closed","template":"","meta":{"footnotes":""},"class_list":["post-239","page","type-page","status-publish","hentry"],"_links":{"self":[{"href":"https:\/\/www.simd40.l3-digital.fr\/index.php\/wp-json\/wp\/v2\/pages\/239","targetHints":{"allow":["GET"]}}],"collection":[{"href":"https:\/\/www.simd40.l3-digital.fr\/index.php\/wp-json\/wp\/v2\/pages"}],"about":[{"href":"https:\/\/www.simd40.l3-digital.fr\/index.php\/wp-json\/wp\/v2\/types\/page"}],"author":[{"embeddable":true,"href":"https:\/\/www.simd40.l3-digital.fr\/index.php\/wp-json\/wp\/v2\/users\/1"}],"replies":[{"embeddable":true,"href":"https:\/\/www.simd40.l3-digital.fr\/index.php\/wp-json\/wp\/v2\/comments?post=239"}],"version-history":[{"count":7,"href":"https:\/\/www.simd40.l3-digital.fr\/index.php\/wp-json\/wp\/v2\/pages\/239\/revisions"}],"predecessor-version":[{"id":408,"href":"https:\/\/www.simd40.l3-digital.fr\/index.php\/wp-json\/wp\/v2\/pages\/239\/revisions\/408"}],"wp:attachment":[{"href":"https:\/\/www.simd40.l3-digital.fr\/index.php\/wp-json\/wp\/v2\/media?parent=239"}],"curies":[{"name":"wp","href":"https:\/\/api.w.org\/{rel}","templated":true}]}}