{"id":248,"date":"2024-03-06T22:29:40","date_gmt":"2024-03-06T21:29:40","guid":{"rendered":"http:\/\/www.simd40.l3-digital.fr\/?page_id=248"},"modified":"2024-03-09T17:51:35","modified_gmt":"2024-03-09T16:51:35","slug":"le-ski","status":"publish","type":"page","link":"https:\/\/www.simd40.l3-digital.fr\/index.php\/le-ski\/","title":{"rendered":"Le ski"},"content":{"rendered":"\n<div style=\"height:37px\" aria-hidden=\"true\" class=\"wp-block-spacer\"><\/div>\n\n\n\n<p><\/p>\n\n\n\n<div class=\"wp-block-media-text has-media-on-the-right is-stacked-on-mobile is-vertically-aligned-center\" style=\"grid-template-columns:auto 39%\"><div class=\"wp-block-media-text__content\">\n<p>Depuis ma petite enfance, le ski est la passion qui rythme chaque hiver de ma vie. Chaque ann\u00e9e, je consacre une semaine \u00e0 d\u00e9valer les pistes enneig\u00e9es, une tradition ancr\u00e9e depuis mes premiers pas sur la neige. Ces moments sont bien plus qu&rsquo;une simple activit\u00e9 sportive pour moi, ils repr\u00e9sentent une v\u00e9ritable \u00e9chapp\u00e9e hivernale o\u00f9 la montagne devient mon terrain de jeu. <\/p>\n<\/div><figure class=\"wp-block-media-text__media\"><img loading=\"lazy\" decoding=\"async\" width=\"768\" height=\"1024\" src=\"http:\/\/www.simd40.l3-digital.fr\/wp-content\/uploads\/2024\/03\/IMG_2423-768x1024.jpg\" alt=\"\" class=\"wp-image-288 size-full\" srcset=\"https:\/\/www.simd40.l3-digital.fr\/wp-content\/uploads\/2024\/03\/IMG_2423-768x1024.jpg 768w, https:\/\/www.simd40.l3-digital.fr\/wp-content\/uploads\/2024\/03\/IMG_2423-225x300.jpg 225w, https:\/\/www.simd40.l3-digital.fr\/wp-content\/uploads\/2024\/03\/IMG_2423-1152x1536.jpg 1152w, https:\/\/www.simd40.l3-digital.fr\/wp-content\/uploads\/2024\/03\/IMG_2423-1536x2048.jpg 1536w, https:\/\/www.simd40.l3-digital.fr\/wp-content\/uploads\/2024\/03\/IMG_2423-1140x1520.jpg 1140w, https:\/\/www.simd40.l3-digital.fr\/wp-content\/uploads\/2024\/03\/IMG_2423-scaled.jpg 1920w\" sizes=\"auto, (max-width: 768px) 100vw, 768px\" \/><\/figure><\/div>\n\n\n\n<div style=\"height:37px\" aria-hidden=\"true\" class=\"wp-block-spacer\"><\/div>\n","protected":false},"excerpt":{"rendered":"<p>Depuis ma petite enfance, le ski est la passion qui rythme chaque hiver de ma vie. Chaque ann\u00e9e, je consacre une semaine \u00e0 d\u00e9valer les pistes enneig\u00e9es, une tradition ancr\u00e9e depuis mes premiers pas sur la neige. Ces moments sont bien plus qu&rsquo;une simple activit\u00e9 sportive pour moi, ils repr\u00e9sentent une v\u00e9ritable \u00e9chapp\u00e9e hivernale o\u00f9 la montagne devient mon terrain de jeu.<\/p>\n","protected":false},"author":1,"featured_media":0,"parent":0,"menu_order":0,"comment_status":"closed","ping_status":"closed","template":"","meta":{"footnotes":""},"class_list":["post-248","page","type-page","status-publish","hentry"],"_links":{"self":[{"href":"https:\/\/www.simd40.l3-digital.fr\/index.php\/wp-json\/wp\/v2\/pages\/248","targetHints":{"allow":["GET"]}}],"collection":[{"href":"https:\/\/www.simd40.l3-digital.fr\/index.php\/wp-json\/wp\/v2\/pages"}],"about":[{"href":"https:\/\/www.simd40.l3-digital.fr\/index.php\/wp-json\/wp\/v2\/types\/page"}],"author":[{"embeddable":true,"href":"https:\/\/www.simd40.l3-digital.fr\/index.php\/wp-json\/wp\/v2\/users\/1"}],"replies":[{"embeddable":true,"href":"https:\/\/www.simd40.l3-digital.fr\/index.php\/wp-json\/wp\/v2\/comments?post=248"}],"version-history":[{"count":13,"href":"https:\/\/www.simd40.l3-digital.fr\/index.php\/wp-json\/wp\/v2\/pages\/248\/revisions"}],"predecessor-version":[{"id":406,"href":"https:\/\/www.simd40.l3-digital.fr\/index.php\/wp-json\/wp\/v2\/pages\/248\/revisions\/406"}],"wp:attachment":[{"href":"https:\/\/www.simd40.l3-digital.fr\/index.php\/wp-json\/wp\/v2\/media?parent=248"}],"curies":[{"name":"wp","href":"https:\/\/api.w.org\/{rel}","templated":true}]}}