{"id":61,"date":"2024-03-03T21:42:21","date_gmt":"2024-03-03T20:42:21","guid":{"rendered":"http:\/\/www.simd40.l3-digital.fr\/?page_id=61"},"modified":"2024-03-08T12:09:09","modified_gmt":"2024-03-08T11:09:09","slug":"mon-parcours","status":"publish","type":"page","link":"https:\/\/www.simd40.l3-digital.fr\/index.php\/mon-parcours\/","title":{"rendered":"Mon parcours"},"content":{"rendered":"\n<div style=\"height:37px\" aria-hidden=\"true\" class=\"wp-block-spacer\"><\/div>\n\n\n\n<div class=\"wp-block-media-text is-stacked-on-mobile is-vertically-aligned-center\" style=\"grid-template-columns:26% auto\"><figure class=\"wp-block-media-text__media\"><img loading=\"lazy\" decoding=\"async\" width=\"363\" height=\"371\" src=\"http:\/\/www.simd40.l3-digital.fr\/wp-content\/uploads\/2024\/03\/Black-And-White-Globe-Y2k-Streetwear-Logo.png\" alt=\"\" class=\"wp-image-158 size-full\" srcset=\"https:\/\/www.simd40.l3-digital.fr\/wp-content\/uploads\/2024\/03\/Black-And-White-Globe-Y2k-Streetwear-Logo.png 363w, https:\/\/www.simd40.l3-digital.fr\/wp-content\/uploads\/2024\/03\/Black-And-White-Globe-Y2k-Streetwear-Logo-294x300.png 294w\" sizes=\"auto, (max-width: 363px) 100vw, 363px\" \/><\/figure><div class=\"wp-block-media-text__content\">\n<p>Dans cette section, je partagerai mes impressions et l&rsquo;\u00e9volution que j&rsquo;ai connue tout au long de mon parcours acad\u00e9mique et de mes diverses exp\u00e9riences professionnelles.<\/p>\n<\/div><\/div>\n\n\n\n<div style=\"height:37px\" aria-hidden=\"true\" class=\"wp-block-spacer\"><\/div>\n\n\n\n<p>Au menu, je vous propose :<\/p>\n\n\n\n<p><\/p>\n\n\n\n<ul class=\"wp-block-list\">\n<li>La d\u00e9couverte de <a href=\"http:\/\/www.simd40.l3-digital.fr\/index.php\/formations\/\" data-type=\"page\" data-id=\"78\">mes diff\u00e9rentes formations<\/a> \ud83d\udc69\u200d\ud83c\udf93<\/li>\n<\/ul>\n\n\n\n<ul class=\"wp-block-list\">\n<li>Un focus sur mes <a href=\"http:\/\/www.simd40.l3-digital.fr\/index.php\/experiences\/\" data-type=\"page\" data-id=\"80\">exp\u00e9riences professionnelles<\/a> \ud83d\udc64<\/li>\n<\/ul>\n\n\n\n<ul class=\"wp-block-list\">\n<li>Un inventaire de <a href=\"http:\/\/www.simd40.l3-digital.fr\/index.php\/competences\/\" data-type=\"page\" data-id=\"82\">mes comp\u00e9tences<\/a> \u269c\ufe0f<\/li>\n<\/ul>\n\n\n\n<p>Toutefois, vous pouvez cliquer juste ici pour trouver la version r\u00e9sum\u00e9 de ces pages.\ud83d\udc47\ud83c\udffc<\/p>\n\n\n\n<div class=\"wp-block-buttons is-layout-flex wp-block-buttons-is-layout-flex\">\n<div class=\"wp-block-button\"><a class=\"wp-block-button__link wp-element-button\" href=\"https:\/\/1drv.ms\/b\/c\/683d0b5e875526b8\/EYDAr4DrXdpLo47yeX1b_MgBvjvny2rYILk5tpS9LB4RVQ?e=gGc0gH\" target=\"_blank\" rel=\"noreferrer noopener\">T\u00e9l\u00e9charger le PDF<\/a><\/div>\n<\/div>\n","protected":false},"excerpt":{"rendered":"<p>Dans cette section, je partagerai mes impressions et l&rsquo;\u00e9volution que j&rsquo;ai connue tout au long de mon parcours acad\u00e9mique et de mes diverses exp\u00e9riences professionnelles. Au menu, je vous propose : Toutefois, vous pouvez cliquer juste ici pour trouver la version r\u00e9sum\u00e9 de ces pages.\ud83d\udc47\ud83c\udffc<\/p>\n","protected":false},"author":1,"featured_media":0,"parent":0,"menu_order":0,"comment_status":"closed","ping_status":"closed","template":"","meta":{"footnotes":""},"class_list":["post-61","page","type-page","status-publish","hentry"],"_links":{"self":[{"href":"https:\/\/www.simd40.l3-digital.fr\/index.php\/wp-json\/wp\/v2\/pages\/61","targetHints":{"allow":["GET"]}}],"collection":[{"href":"https:\/\/www.simd40.l3-digital.fr\/index.php\/wp-json\/wp\/v2\/pages"}],"about":[{"href":"https:\/\/www.simd40.l3-digital.fr\/index.php\/wp-json\/wp\/v2\/types\/page"}],"author":[{"embeddable":true,"href":"https:\/\/www.simd40.l3-digital.fr\/index.php\/wp-json\/wp\/v2\/users\/1"}],"replies":[{"embeddable":true,"href":"https:\/\/www.simd40.l3-digital.fr\/index.php\/wp-json\/wp\/v2\/comments?post=61"}],"version-history":[{"count":17,"href":"https:\/\/www.simd40.l3-digital.fr\/index.php\/wp-json\/wp\/v2\/pages\/61\/revisions"}],"predecessor-version":[{"id":352,"href":"https:\/\/www.simd40.l3-digital.fr\/index.php\/wp-json\/wp\/v2\/pages\/61\/revisions\/352"}],"wp:attachment":[{"href":"https:\/\/www.simd40.l3-digital.fr\/index.php\/wp-json\/wp\/v2\/media?parent=61"}],"curies":[{"name":"wp","href":"https:\/\/api.w.org\/{rel}","templated":true}]}}