{"id":63,"date":"2024-03-03T21:42:56","date_gmt":"2024-03-03T20:42:56","guid":{"rendered":"http:\/\/www.simd40.l3-digital.fr\/?page_id=63"},"modified":"2024-03-08T12:10:05","modified_gmt":"2024-03-08T11:10:05","slug":"mes-realisations","status":"publish","type":"page","link":"https:\/\/www.simd40.l3-digital.fr\/index.php\/mes-realisations\/","title":{"rendered":"Mes r\u00e9alisations"},"content":{"rendered":"\n<div style=\"height:37px\" aria-hidden=\"true\" class=\"wp-block-spacer\"><\/div>\n\n\n\n<div class=\"wp-block-media-text has-media-on-the-right is-stacked-on-mobile\" style=\"grid-template-columns:auto 28%\"><div class=\"wp-block-media-text__content\">\n<p>Depuis mon entr\u00e9e dans les \u00e9tudes sup\u00e9rieures, j&rsquo;ai eu la chance de participer \u00e0 beaucoup de projets de groupes et de r\u00e9aliser de nombreux passages \u00e0 l\u2019oral. Ces exp\u00e9riences sont des occasions pr\u00e9cieuses d\u2019appr\u00e9hender le fonctionnement d\u2019une \u00e9quipe dans un cadre professionnel, ainsi la gestion des r\u00f4les et des responsabilit\u00e9s de chacun.<\/p>\n\n\n\n<div style=\"height:37px\" aria-hidden=\"true\" class=\"wp-block-spacer\"><\/div>\n<\/div><figure class=\"wp-block-media-text__media\"><img loading=\"lazy\" decoding=\"async\" width=\"460\" height=\"376\" src=\"http:\/\/www.simd40.l3-digital.fr\/wp-content\/uploads\/2024\/03\/Black-And-White-Globe-Y2k-Streetwear-Logo1.png\" alt=\"\" class=\"wp-image-223 size-full\" srcset=\"https:\/\/www.simd40.l3-digital.fr\/wp-content\/uploads\/2024\/03\/Black-And-White-Globe-Y2k-Streetwear-Logo1.png 460w, https:\/\/www.simd40.l3-digital.fr\/wp-content\/uploads\/2024\/03\/Black-And-White-Globe-Y2k-Streetwear-Logo1-300x245.png 300w\" sizes=\"auto, (max-width: 460px) 100vw, 460px\" \/><\/figure><\/div>\n\n\n\n<p>Je vous propose de d\u00e9couvrir :<\/p>\n\n\n\n<p>Quelques unes de <a href=\"http:\/\/www.simd40.l3-digital.fr\/index.php\/universitaires\/\" data-type=\"page\" data-id=\"90\">mes cr\u00e9ations universitaires<\/a>. <\/p>\n\n\n\n<p>Ou encore <a href=\"http:\/\/www.simd40.l3-digital.fr\/index.php\/personnelles\/\" data-type=\"page\" data-id=\"92\">certaines cr\u00e9ations personnelles<\/a>. <\/p>\n","protected":false},"excerpt":{"rendered":"<p>Je vous propose de d\u00e9couvrir : Quelques unes de mes cr\u00e9ations universitaires. Ou encore certaines cr\u00e9ations personnelles.<\/p>\n","protected":false},"author":1,"featured_media":0,"parent":0,"menu_order":0,"comment_status":"closed","ping_status":"closed","template":"","meta":{"footnotes":""},"class_list":["post-63","page","type-page","status-publish","hentry"],"_links":{"self":[{"href":"https:\/\/www.simd40.l3-digital.fr\/index.php\/wp-json\/wp\/v2\/pages\/63","targetHints":{"allow":["GET"]}}],"collection":[{"href":"https:\/\/www.simd40.l3-digital.fr\/index.php\/wp-json\/wp\/v2\/pages"}],"about":[{"href":"https:\/\/www.simd40.l3-digital.fr\/index.php\/wp-json\/wp\/v2\/types\/page"}],"author":[{"embeddable":true,"href":"https:\/\/www.simd40.l3-digital.fr\/index.php\/wp-json\/wp\/v2\/users\/1"}],"replies":[{"embeddable":true,"href":"https:\/\/www.simd40.l3-digital.fr\/index.php\/wp-json\/wp\/v2\/comments?post=63"}],"version-history":[{"count":10,"href":"https:\/\/www.simd40.l3-digital.fr\/index.php\/wp-json\/wp\/v2\/pages\/63\/revisions"}],"predecessor-version":[{"id":353,"href":"https:\/\/www.simd40.l3-digital.fr\/index.php\/wp-json\/wp\/v2\/pages\/63\/revisions\/353"}],"wp:attachment":[{"href":"https:\/\/www.simd40.l3-digital.fr\/index.php\/wp-json\/wp\/v2\/media?parent=63"}],"curies":[{"name":"wp","href":"https:\/\/api.w.org\/{rel}","templated":true}]}}