{"id":65,"date":"2024-03-03T21:43:18","date_gmt":"2024-03-03T20:43:18","guid":{"rendered":"http:\/\/www.simd40.l3-digital.fr\/?page_id=65"},"modified":"2024-03-07T19:49:57","modified_gmt":"2024-03-07T18:49:57","slug":"qui-suis-je","status":"publish","type":"page","link":"https:\/\/www.simd40.l3-digital.fr\/index.php\/qui-suis-je\/","title":{"rendered":"Qui suis-je ?"},"content":{"rendered":"\n<div style=\"height:37px\" aria-hidden=\"true\" class=\"wp-block-spacer\"><\/div>\n\n\n\n<h4 class=\"wp-block-heading\"><strong>Mes origines<\/strong> <\/h4>\n\n\n\n<div style=\"height:37px\" aria-hidden=\"true\" class=\"wp-block-spacer\"><\/div>\n\n\n\n<div class=\"wp-block-group is-nowrap is-layout-flex wp-container-core-group-is-layout-ad2f72ca wp-block-group-is-layout-flex\">\n<figure class=\"wp-block-image size-full is-resized\"><img loading=\"lazy\" decoding=\"async\" width=\"612\" height=\"408\" src=\"http:\/\/www.simd40.l3-digital.fr\/wp-content\/uploads\/2024\/03\/istockphoto-1188711127-612x612-1.jpg\" alt=\"\" class=\"wp-image-235\" style=\"width:269px;height:auto\" srcset=\"https:\/\/www.simd40.l3-digital.fr\/wp-content\/uploads\/2024\/03\/istockphoto-1188711127-612x612-1.jpg 612w, https:\/\/www.simd40.l3-digital.fr\/wp-content\/uploads\/2024\/03\/istockphoto-1188711127-612x612-1-300x200.jpg 300w\" sizes=\"auto, (max-width: 612px) 100vw, 612px\" \/><\/figure>\n\n\n\n<figure class=\"wp-block-image size-full is-resized\"><img loading=\"lazy\" decoding=\"async\" width=\"550\" height=\"413\" src=\"http:\/\/www.simd40.l3-digital.fr\/wp-content\/uploads\/2024\/03\/stade-geoffroy-guichard.jpg\" alt=\"\" class=\"wp-image-236\" style=\"width:241px;height:auto\" srcset=\"https:\/\/www.simd40.l3-digital.fr\/wp-content\/uploads\/2024\/03\/stade-geoffroy-guichard.jpg 550w, https:\/\/www.simd40.l3-digital.fr\/wp-content\/uploads\/2024\/03\/stade-geoffroy-guichard-300x225.jpg 300w\" sizes=\"auto, (max-width: 550px) 100vw, 550px\" \/><\/figure>\n\n\n\n<figure class=\"wp-block-image size-large is-resized\"><img loading=\"lazy\" decoding=\"async\" width=\"1024\" height=\"578\" src=\"http:\/\/www.simd40.l3-digital.fr\/wp-content\/uploads\/2024\/03\/AdobeStock_303923890-scaled-1-1024x578.jpg\" alt=\"\" class=\"wp-image-237\" style=\"width:312px;height:auto\" srcset=\"https:\/\/www.simd40.l3-digital.fr\/wp-content\/uploads\/2024\/03\/AdobeStock_303923890-scaled-1-1024x578.jpg 1024w, https:\/\/www.simd40.l3-digital.fr\/wp-content\/uploads\/2024\/03\/AdobeStock_303923890-scaled-1-300x169.jpg 300w, https:\/\/www.simd40.l3-digital.fr\/wp-content\/uploads\/2024\/03\/AdobeStock_303923890-scaled-1-768x434.jpg 768w, https:\/\/www.simd40.l3-digital.fr\/wp-content\/uploads\/2024\/03\/AdobeStock_303923890-scaled-1-1536x868.jpg 1536w, https:\/\/www.simd40.l3-digital.fr\/wp-content\/uploads\/2024\/03\/AdobeStock_303923890-scaled-1-2048x1157.jpg 2048w, https:\/\/www.simd40.l3-digital.fr\/wp-content\/uploads\/2024\/03\/AdobeStock_303923890-scaled-1-1140x644.jpg 1140w\" sizes=\"auto, (max-width: 1024px) 100vw, 1024px\" \/><\/figure>\n<\/div>\n\n\n\n<div style=\"height:37px\" aria-hidden=\"true\" class=\"wp-block-spacer\"><\/div>\n\n\n\n<p>Entre les collines et les rivi\u00e8res de Saint-\u00c9tienne, ma ville natale, j&rsquo;ai grandi au fil des pages de son histoire. T\u00e9moin de mon enfance, elle a contribu\u00e9 \u00e0 fa\u00e7onner mon identit\u00e9 au-del\u00e0 de son h\u00e9ritage industriel.<\/p>\n\n\n\n<p>Saint-\u00c9tienne, c&rsquo;est bien plus qu&rsquo;un simple lieu sur la carte, c&rsquo;est l\u00e0 o\u00f9 des liens profonds et durables se sont d\u00e9velopp\u00e9s. Les collines qui entourent la ville ont constitu\u00e9 le terrain de jeu de mon enfance, chaque rue \u00e9voquant des souvenirs empreints de signification.<\/p>\n\n\n\n<p>Saint-\u00c9tienne, c&rsquo;est plus qu&rsquo;une adresse g\u00e9ographique, c&rsquo;est le r\u00e9cit de mon parcours en tant que petite fille, devenue \u00e9tudiante.<\/p>\n","protected":false},"excerpt":{"rendered":"<p>Mes origines Entre les collines et les rivi\u00e8res de Saint-\u00c9tienne, ma ville natale, j&rsquo;ai grandi au fil des pages de son histoire. T\u00e9moin de mon enfance, elle a contribu\u00e9 \u00e0 fa\u00e7onner mon identit\u00e9 au-del\u00e0 de son h\u00e9ritage industriel. Saint-\u00c9tienne, c&rsquo;est bien plus qu&rsquo;un simple lieu sur la carte, c&rsquo;est l\u00e0 o\u00f9 des liens profonds et durables se sont d\u00e9velopp\u00e9s. Les collines qui entourent la ville ont constitu\u00e9 le terrain de jeu de mon enfance, chaque rue \u00e9voquant des souvenirs empreints de signification. Saint-\u00c9tienne, c&rsquo;est plus qu&rsquo;une adresse g\u00e9ographique, c&rsquo;est le r\u00e9cit de mon parcours en tant que petite fille, devenue \u00e9tudiante.<\/p>\n","protected":false},"author":1,"featured_media":0,"parent":0,"menu_order":0,"comment_status":"closed","ping_status":"closed","template":"","meta":{"footnotes":""},"class_list":["post-65","page","type-page","status-publish","hentry"],"_links":{"self":[{"href":"https:\/\/www.simd40.l3-digital.fr\/index.php\/wp-json\/wp\/v2\/pages\/65","targetHints":{"allow":["GET"]}}],"collection":[{"href":"https:\/\/www.simd40.l3-digital.fr\/index.php\/wp-json\/wp\/v2\/pages"}],"about":[{"href":"https:\/\/www.simd40.l3-digital.fr\/index.php\/wp-json\/wp\/v2\/types\/page"}],"author":[{"embeddable":true,"href":"https:\/\/www.simd40.l3-digital.fr\/index.php\/wp-json\/wp\/v2\/users\/1"}],"replies":[{"embeddable":true,"href":"https:\/\/www.simd40.l3-digital.fr\/index.php\/wp-json\/wp\/v2\/comments?post=65"}],"version-history":[{"count":6,"href":"https:\/\/www.simd40.l3-digital.fr\/index.php\/wp-json\/wp\/v2\/pages\/65\/revisions"}],"predecessor-version":[{"id":328,"href":"https:\/\/www.simd40.l3-digital.fr\/index.php\/wp-json\/wp\/v2\/pages\/65\/revisions\/328"}],"wp:attachment":[{"href":"https:\/\/www.simd40.l3-digital.fr\/index.php\/wp-json\/wp\/v2\/media?parent=65"}],"curies":[{"name":"wp","href":"https:\/\/api.w.org\/{rel}","templated":true}]}}