{"id":67,"date":"2024-03-03T21:43:38","date_gmt":"2024-03-03T20:43:38","guid":{"rendered":"http:\/\/www.simd40.l3-digital.fr\/?page_id=67"},"modified":"2024-03-07T19:52:36","modified_gmt":"2024-03-07T18:52:36","slug":"hobbies","status":"publish","type":"page","link":"https:\/\/www.simd40.l3-digital.fr\/index.php\/hobbies\/","title":{"rendered":"Hobbies"},"content":{"rendered":"\n<div style=\"height:43px\" aria-hidden=\"true\" class=\"wp-block-spacer\"><\/div>\n\n\n\n<p>Issue d&rsquo;une famille o\u00f9 le sport s&rsquo;ancre profond\u00e9ment dans la tradition, j&rsquo;ai baign\u00e9 dans cet univers d\u00e8s mon plus jeune \u00e2ge. \u00c9voluer dans un environnement o\u00f9 la d\u00e9termination, la pers\u00e9v\u00e9rance et le d\u00e9passement de soi sont des valeurs fondamentales fait partie int\u00e9grante de ma routine quotidienne.<\/p>\n\n\n\n<p>\u00c0 mes yeux, le sport repr\u00e9sente bien plus qu&rsquo;une simple activit\u00e9 physique. C&rsquo;est un moment privil\u00e9gi\u00e9 de partage, d&rsquo;entraide et de soutien mutuel. C&rsquo;est pourquoi je privil\u00e9gie souvent l&rsquo;entra\u00eenement en compagnie d&rsquo;un groupe d&rsquo;amis, cr\u00e9ant ainsi une atmosph\u00e8re motivante et stimulante. En \u00e9voluant ensemble, nous renfor\u00e7ons nos liens tout en repoussant nos limites individuelles.<\/p>\n\n\n\n<div style=\"height:37px\" aria-hidden=\"true\" class=\"wp-block-spacer\"><\/div>\n\n\n<div class=\"wp-block-image\">\n<figure class=\"aligncenter size-full\"><img loading=\"lazy\" decoding=\"async\" width=\"612\" height=\"272\" src=\"http:\/\/www.simd40.l3-digital.fr\/wp-content\/uploads\/2024\/03\/istockphoto-1364045027-612x612-1.jpg\" alt=\"\" class=\"wp-image-330\" srcset=\"https:\/\/www.simd40.l3-digital.fr\/wp-content\/uploads\/2024\/03\/istockphoto-1364045027-612x612-1.jpg 612w, https:\/\/www.simd40.l3-digital.fr\/wp-content\/uploads\/2024\/03\/istockphoto-1364045027-612x612-1-300x133.jpg 300w\" sizes=\"auto, (max-width: 612px) 100vw, 612px\" \/><\/figure>\n<\/div>","protected":false},"excerpt":{"rendered":"<p>Issue d&rsquo;une famille o\u00f9 le sport s&rsquo;ancre profond\u00e9ment dans la tradition, j&rsquo;ai baign\u00e9 dans cet univers d\u00e8s mon plus jeune \u00e2ge. \u00c9voluer dans un environnement o\u00f9 la d\u00e9termination, la pers\u00e9v\u00e9rance et le d\u00e9passement de soi sont des valeurs fondamentales fait partie int\u00e9grante de ma routine quotidienne. \u00c0 mes yeux, le sport repr\u00e9sente bien plus qu&rsquo;une simple activit\u00e9 physique. C&rsquo;est un moment privil\u00e9gi\u00e9 de partage, d&rsquo;entraide et de soutien mutuel. C&rsquo;est pourquoi je privil\u00e9gie souvent l&rsquo;entra\u00eenement en compagnie d&rsquo;un groupe d&rsquo;amis, cr\u00e9ant ainsi une atmosph\u00e8re motivante et stimulante. En \u00e9voluant ensemble, nous renfor\u00e7ons nos liens tout en repoussant nos limites individuelles.<\/p>\n","protected":false},"author":1,"featured_media":0,"parent":0,"menu_order":0,"comment_status":"closed","ping_status":"closed","template":"","meta":{"footnotes":""},"class_list":["post-67","page","type-page","status-publish","hentry"],"_links":{"self":[{"href":"https:\/\/www.simd40.l3-digital.fr\/index.php\/wp-json\/wp\/v2\/pages\/67","targetHints":{"allow":["GET"]}}],"collection":[{"href":"https:\/\/www.simd40.l3-digital.fr\/index.php\/wp-json\/wp\/v2\/pages"}],"about":[{"href":"https:\/\/www.simd40.l3-digital.fr\/index.php\/wp-json\/wp\/v2\/types\/page"}],"author":[{"embeddable":true,"href":"https:\/\/www.simd40.l3-digital.fr\/index.php\/wp-json\/wp\/v2\/users\/1"}],"replies":[{"embeddable":true,"href":"https:\/\/www.simd40.l3-digital.fr\/index.php\/wp-json\/wp\/v2\/comments?post=67"}],"version-history":[{"count":3,"href":"https:\/\/www.simd40.l3-digital.fr\/index.php\/wp-json\/wp\/v2\/pages\/67\/revisions"}],"predecessor-version":[{"id":331,"href":"https:\/\/www.simd40.l3-digital.fr\/index.php\/wp-json\/wp\/v2\/pages\/67\/revisions\/331"}],"wp:attachment":[{"href":"https:\/\/www.simd40.l3-digital.fr\/index.php\/wp-json\/wp\/v2\/media?parent=67"}],"curies":[{"name":"wp","href":"https:\/\/api.w.org\/{rel}","templated":true}]}}