{"id":80,"date":"2024-03-03T21:51:01","date_gmt":"2024-03-03T20:51:01","guid":{"rendered":"http:\/\/www.simd40.l3-digital.fr\/?page_id=80"},"modified":"2024-03-08T12:18:12","modified_gmt":"2024-03-08T11:18:12","slug":"experiences","status":"publish","type":"page","link":"https:\/\/www.simd40.l3-digital.fr\/index.php\/experiences\/","title":{"rendered":"Exp\u00e9riences"},"content":{"rendered":"\n<div style=\"height:50px\" aria-hidden=\"true\" class=\"wp-block-spacer\"><\/div>\n\n\n\n<h4 class=\"wp-block-heading\"><strong>Future stagiaire en communication<\/strong><\/h4>\n\n\n\n<div style=\"height:40px\" aria-hidden=\"true\" class=\"wp-block-spacer\"><\/div>\n\n\n\n<figure class=\"wp-block-image size-full is-resized\"><a href=\"http:\/\/www.sacar.fr\/\" target=\"_blank\" rel=\"noreferrer noopener\"><img loading=\"lazy\" decoding=\"async\" width=\"320\" height=\"140\" src=\"http:\/\/www.simd40.l3-digital.fr\/wp-content\/uploads\/2024\/03\/sacar-logo-artisan-industriel.png\" alt=\"\" class=\"wp-image-210\" style=\"width:165px;height:auto\" srcset=\"https:\/\/www.simd40.l3-digital.fr\/wp-content\/uploads\/2024\/03\/sacar-logo-artisan-industriel.png 320w, https:\/\/www.simd40.l3-digital.fr\/wp-content\/uploads\/2024\/03\/sacar-logo-artisan-industriel-300x131.png 300w\" sizes=\"auto, (max-width: 320px) 100vw, 320px\" \/><\/a><\/figure>\n\n\n\n<div style=\"height:40px\" aria-hidden=\"true\" class=\"wp-block-spacer\"><\/div>\n\n\n\n<p>\u00c0 partir du 25 Mars 2024 et jusqu&rsquo;\u00e0 mi-juin, je serai stagiaire chez SACAR. Mes missions seront relatives \u00e0 la communication, je serais en charge de g\u00e9rer la communication interne de l&rsquo;entreprise en cr\u00e9ant divers contenus destin\u00e9s \u00e0 l&rsquo;information des employ\u00e9s.  <\/p>\n\n\n\n<div style=\"height:40px\" aria-hidden=\"true\" class=\"wp-block-spacer\"><\/div>\n\n\n\n<div style=\"height:40px\" aria-hidden=\"true\" class=\"wp-block-spacer\"><\/div>\n\n\n\n<h4 class=\"wp-block-heading\"><strong>Pr\u00e9paratrice de commande<\/strong> <\/h4>\n\n\n\n<div style=\"height:40px\" aria-hidden=\"true\" class=\"wp-block-spacer\"><\/div>\n\n\n\n<figure class=\"wp-block-image size-full is-resized\"><a href=\"https:\/\/www.gibaud.com\/\" target=\"_blank\" rel=\"noreferrer noopener\"><img loading=\"lazy\" decoding=\"async\" width=\"700\" height=\"490\" src=\"http:\/\/www.simd40.l3-digital.fr\/wp-content\/uploads\/2024\/03\/image-logo-Gibaud_0.jpg\" alt=\"\" class=\"wp-image-201\" style=\"width:192px;height:auto\" srcset=\"https:\/\/www.simd40.l3-digital.fr\/wp-content\/uploads\/2024\/03\/image-logo-Gibaud_0.jpg 700w, https:\/\/www.simd40.l3-digital.fr\/wp-content\/uploads\/2024\/03\/image-logo-Gibaud_0-300x210.jpg 300w\" sizes=\"auto, (max-width: 700px) 100vw, 700px\" \/><\/a><\/figure>\n\n\n\n<div style=\"height:40px\" aria-hidden=\"true\" class=\"wp-block-spacer\"><\/div>\n\n\n\n<p>Durant les mois de juin et juillet 2023, j&rsquo;ai \u00e9t\u00e9 pr\u00e9paratrice de commande au sein du groupe GIBAUD, sp\u00e9cialis\u00e9 dans la cr\u00e9ation de textile param\u00e9dicale telles que des attelles ou encore des genouill\u00e8res. Mes missions \u00e9taient principalement le fait de rassembler les produits command\u00e9s et des contr\u00f4ler la qualit\u00e9 de ces derniers. J&rsquo;ai ainsi pu d\u00e9couvrir le fonctionnement d&rsquo;un grand groupe. <\/p>\n\n\n\n<div style=\"height:40px\" aria-hidden=\"true\" class=\"wp-block-spacer\"><\/div>\n\n\n\n<div style=\"height:40px\" aria-hidden=\"true\" class=\"wp-block-spacer\"><\/div>\n\n\n\n<h4 class=\"wp-block-heading\"><strong>Stagiaire assistante expert comptable<\/strong><\/h4>\n\n\n\n<div style=\"height:40px\" aria-hidden=\"true\" class=\"wp-block-spacer\"><\/div>\n\n\n\n<figure class=\"wp-block-image size-full is-resized\"><a href=\"https:\/\/www.aaci-conseils.fr\/\" target=\"_blank\" rel=\"noreferrer noopener\"><img loading=\"lazy\" decoding=\"async\" width=\"396\" height=\"144\" src=\"http:\/\/www.simd40.l3-digital.fr\/wp-content\/uploads\/2024\/03\/logo-full.png\" alt=\"\" class=\"wp-image-204\" style=\"width:188px;height:auto\" srcset=\"https:\/\/www.simd40.l3-digital.fr\/wp-content\/uploads\/2024\/03\/logo-full.png 396w, https:\/\/www.simd40.l3-digital.fr\/wp-content\/uploads\/2024\/03\/logo-full-300x109.png 300w\" sizes=\"auto, (max-width: 396px) 100vw, 396px\" \/><\/a><\/figure>\n\n\n\n<div style=\"height:40px\" aria-hidden=\"true\" class=\"wp-block-spacer\"><\/div>\n\n\n\n<p>J\u2019ai r\u00e9alis\u00e9 mon stage du 2 au 20 janvier dans le cabinet d\u2019expertise comptable AACI CONSEILS. Ce cabinet se trouve dans un appartement de la place de la Terrasse \u00e0 Saint-\u00c9tienne. Il a \u00e9t\u00e9 rachet\u00e9 en 1999 par Yves Begon, commissaire aux comptes et B\u00e9atrice Abrial, expert-comptable, ma ma\u00eetre de stage, qui le dirigent actuellement en collaboration. Le cabinet accompagne les entrepreneurs dans leur gestion entreprise, y compris \u00e0 des moments cl\u00e9s comme leur cr\u00e9ation ou leur transmission.<\/p>\n\n\n\n<p>Mes missions ont \u00e9t\u00e9 principalement la gestion des comptes courants des clients du cabinet, c&rsquo;est \u00e0 dire l&rsquo;enregistrement des factures de vente et d&rsquo;achat, \u00e9laboration des d\u00e9clarations de TVA ou encore l\u2019enregistrement d&#8217;emprunts, d&rsquo;immobilisations et d&rsquo;amortissements. j&rsquo;ai \u00e9galement particip\u00e9 \u00e0 une journ\u00e9e d&rsquo;audit pour un \u00e9tablissement scolaire priv\u00e9. <\/p>\n\n\n\n<p>A l&rsquo;issue de ce stage, mon regard sur le m\u00e9tier d&rsquo;expert-comptable a fortement \u00e9volu\u00e9. Contrairement \u00e0 ce que je pouvais penser, les t\u00e2ches qui le composent sont vari\u00e9es. Avec en particulier une partie importante de lien et d&rsquo;\u00e9change avec les clients. De mon c\u00f4t\u00e9, j&rsquo;ai eu la chance de poursuivre ma mission durant deux CDD d&rsquo;une semaine pr\u00e9vus en f\u00e9vrier et en avril 2023.<br>Pour autant, je sais d\u00e9sormais que je ne souhaite pas me diriger vers ce m\u00e9tier car je recherche davantage de cr\u00e9ativit\u00e9 dans mon projet professionnel futur.<\/p>\n\n\n\n<div style=\"height:40px\" aria-hidden=\"true\" class=\"wp-block-spacer\"><\/div>\n\n\n\n<div style=\"height:40px\" aria-hidden=\"true\" class=\"wp-block-spacer\"><\/div>\n\n\n\n<h4 class=\"wp-block-heading\"><strong>Op\u00e9ratrice montage <\/strong><\/h4>\n\n\n\n<div style=\"height:40px\" aria-hidden=\"true\" class=\"wp-block-spacer\"><\/div>\n\n\n\n<figure class=\"wp-block-image size-full is-resized\"><a href=\"https:\/\/www.celduc-relais.com\/fr\/\" target=\"_blank\" rel=\"noreferrer noopener\"><img loading=\"lazy\" decoding=\"async\" width=\"554\" height=\"449\" src=\"http:\/\/www.simd40.l3-digital.fr\/wp-content\/uploads\/2024\/03\/logo_celduc_relais_violet.jpg\" alt=\"\" class=\"wp-image-207\" style=\"width:112px;height:auto\" srcset=\"https:\/\/www.simd40.l3-digital.fr\/wp-content\/uploads\/2024\/03\/logo_celduc_relais_violet.jpg 554w, https:\/\/www.simd40.l3-digital.fr\/wp-content\/uploads\/2024\/03\/logo_celduc_relais_violet-300x243.jpg 300w\" sizes=\"auto, (max-width: 554px) 100vw, 554px\" \/><\/a><\/figure>\n\n\n\n<div style=\"height:40px\" aria-hidden=\"true\" class=\"wp-block-spacer\"><\/div>\n\n\n\n<p>Durant les mois de juin et juillet 2022, j&rsquo;ai trouv\u00e9 pour le groupe Celduc Relais en tant qu&rsquo;op\u00e9ratrice de montage. J&rsquo;\u00e9tais affect\u00e9e \u00e0 un poste faisant parti du processus de production. <\/p>\n","protected":false},"excerpt":{"rendered":"<p>Future stagiaire en communication \u00c0 partir du 25 Mars 2024 et jusqu&rsquo;\u00e0 mi-juin, je serai stagiaire chez SACAR. Mes missions seront relatives \u00e0 la communication, je serais en charge de g\u00e9rer la communication interne de l&rsquo;entreprise en cr\u00e9ant divers contenus destin\u00e9s \u00e0 l&rsquo;information des employ\u00e9s. Pr\u00e9paratrice de commande Durant les mois de juin et juillet 2023, j&rsquo;ai \u00e9t\u00e9 pr\u00e9paratrice de commande au sein du groupe GIBAUD, sp\u00e9cialis\u00e9 dans la cr\u00e9ation de textile param\u00e9dicale telles que des attelles ou encore des genouill\u00e8res. Mes missions \u00e9taient principalement le fait de rassembler les produits command\u00e9s et des contr\u00f4ler la qualit\u00e9 de ces derniers. J&rsquo;ai ainsi pu d\u00e9couvrir le fonctionnement d&rsquo;un grand groupe. Stagiaire assistante expert comptable J\u2019ai r\u00e9alis\u00e9 mon stage du 2 au 20 janvier dans le cabinet d\u2019expertise comptable AACI CONSEILS. Ce cabinet se trouve dans un appartement de la place de la Terrasse \u00e0 Saint-\u00c9tienne. Il a \u00e9t\u00e9 rachet\u00e9 en 1999 par Yves Begon, commissaire aux comptes et B\u00e9atrice Abrial, expert-comptable, ma ma\u00eetre de stage, qui le dirigent actuellement en collaboration. Le cabinet accompagne les entrepreneurs dans leur gestion entreprise, y compris \u00e0 des moments cl\u00e9s comme leur cr\u00e9ation ou leur transmission. Mes missions ont \u00e9t\u00e9 principalement la gestion des comptes courants des clients du cabinet, c&rsquo;est \u00e0 dire l&rsquo;enregistrement des factures de vente et d&rsquo;achat, \u00e9laboration des d\u00e9clarations de TVA ou encore l\u2019enregistrement d&#8217;emprunts, d&rsquo;immobilisations et d&rsquo;amortissements. j&rsquo;ai \u00e9galement particip\u00e9 \u00e0 une journ\u00e9e d&rsquo;audit pour un \u00e9tablissement scolaire priv\u00e9. A l&rsquo;issue de ce stage, mon regard sur le m\u00e9tier d&rsquo;expert-comptable a fortement \u00e9volu\u00e9. Contrairement \u00e0 ce que je pouvais penser, les t\u00e2ches qui le composent sont vari\u00e9es. Avec en particulier une partie importante de lien et d&rsquo;\u00e9change avec les clients. De mon c\u00f4t\u00e9, j&rsquo;ai eu la chance de poursuivre ma mission durant deux CDD d&rsquo;une semaine pr\u00e9vus en f\u00e9vrier et en avril 2023.Pour autant, je sais d\u00e9sormais que je ne souhaite pas me diriger vers ce m\u00e9tier car je recherche davantage de cr\u00e9ativit\u00e9 dans mon projet professionnel futur. Op\u00e9ratrice montage Durant les mois de juin et juillet 2022, j&rsquo;ai trouv\u00e9 pour le groupe Celduc Relais en tant qu&rsquo;op\u00e9ratrice de montage. J&rsquo;\u00e9tais affect\u00e9e \u00e0 un poste faisant parti du processus de production.<\/p>\n","protected":false},"author":1,"featured_media":0,"parent":0,"menu_order":0,"comment_status":"closed","ping_status":"closed","template":"","meta":{"footnotes":""},"class_list":["post-80","page","type-page","status-publish","hentry"],"_links":{"self":[{"href":"https:\/\/www.simd40.l3-digital.fr\/index.php\/wp-json\/wp\/v2\/pages\/80","targetHints":{"allow":["GET"]}}],"collection":[{"href":"https:\/\/www.simd40.l3-digital.fr\/index.php\/wp-json\/wp\/v2\/pages"}],"about":[{"href":"https:\/\/www.simd40.l3-digital.fr\/index.php\/wp-json\/wp\/v2\/types\/page"}],"author":[{"embeddable":true,"href":"https:\/\/www.simd40.l3-digital.fr\/index.php\/wp-json\/wp\/v2\/users\/1"}],"replies":[{"embeddable":true,"href":"https:\/\/www.simd40.l3-digital.fr\/index.php\/wp-json\/wp\/v2\/comments?post=80"}],"version-history":[{"count":12,"href":"https:\/\/www.simd40.l3-digital.fr\/index.php\/wp-json\/wp\/v2\/pages\/80\/revisions"}],"predecessor-version":[{"id":363,"href":"https:\/\/www.simd40.l3-digital.fr\/index.php\/wp-json\/wp\/v2\/pages\/80\/revisions\/363"}],"wp:attachment":[{"href":"https:\/\/www.simd40.l3-digital.fr\/index.php\/wp-json\/wp\/v2\/media?parent=80"}],"curies":[{"name":"wp","href":"https:\/\/api.w.org\/{rel}","templated":true}]}}